{"id":2,"date":"2023-02-28T16:29:14","date_gmt":"2023-02-28T16:29:14","guid":{"rendered":"http:\/\/veflinge.com\/?page_id=2"},"modified":"2023-03-08T12:55:11","modified_gmt":"2023-03-08T12:55:11","slug":"sample-page","status":"publish","type":"page","link":"https:\/\/veflinge.com\/","title":{"rendered":"Forside"},"content":{"rendered":"\n<div class=\"wp-block-media-text has-media-on-the-right is-stacked-on-mobile is-vertically-aligned-top\" style=\"grid-template-columns:auto 34%\"><div class=\"wp-block-media-text__content\">\n<p>Innovation og kreativitet er meget vigtige n\u00f8gleord hos Veflinge Maskinfabrik, vi udvikler og producerer opgaver for vores kunder effektivt og fleksibelt, denne proces sker i t\u00e6t samarbejde mellem vore kunder og teknikere for at sikre at resultatet bliver tilpasset de \u00f8nskede specifikationer krav og behov.<\/p>\n<\/div><figure class=\"wp-block-media-text__media\"><img loading=\"lazy\" decoding=\"async\" width=\"800\" height=\"799\" src=\"https:\/\/veflinge.com\/wp-content\/uploads\/2023\/03\/Laser-Veflinge-Maskinfabrik.jpg\" alt=\"Lasersk\u00e6ring in plade og r\u00f8r hos Veflinge Maskinfabrik\" class=\"wp-image-52 size-full\" srcset=\"https:\/\/veflinge.com\/wp-content\/uploads\/2023\/03\/Laser-Veflinge-Maskinfabrik.jpg 800w, https:\/\/veflinge.com\/wp-content\/uploads\/2023\/03\/Laser-Veflinge-Maskinfabrik-300x300.jpg 300w, https:\/\/veflinge.com\/wp-content\/uploads\/2023\/03\/Laser-Veflinge-Maskinfabrik-150x150.jpg 150w, https:\/\/veflinge.com\/wp-content\/uploads\/2023\/03\/Laser-Veflinge-Maskinfabrik-768x767.jpg 768w\" sizes=\"auto, (max-width: 800px) 100vw, 800px\" \/><\/figure><\/div>\n\n\n\n<blockquote class=\"wp-block-quote is-layout-flow wp-block-quote-is-layout-flow\">\n<p><strong>Alt tegningsmateriale skabes p\u00e5 baggrund af 3D visualiseringer og derfra kan vi fremstille de \u00f8nskede emner og konstruktioner. Vi bruger CNC udstyr og udnytter teknologien i vores maskiner, for optimal kvalitet.<\/strong><\/p>\n<\/blockquote>\n\n\n\n<div class=\"wp-block-media-text is-stacked-on-mobile is-vertically-aligned-top\" style=\"grid-template-columns:41% auto\"><figure class=\"wp-block-media-text__media\"><img loading=\"lazy\" decoding=\"async\" width=\"800\" height=\"800\" src=\"https:\/\/veflinge.com\/wp-content\/uploads\/2023\/03\/Stol-veflinge-maskinfabrik-1.jpg\" alt=\"Stol designet og produceret hos Veflinge Maskinfabrik\" class=\"wp-image-54 size-full\" srcset=\"https:\/\/veflinge.com\/wp-content\/uploads\/2023\/03\/Stol-veflinge-maskinfabrik-1.jpg 800w, https:\/\/veflinge.com\/wp-content\/uploads\/2023\/03\/Stol-veflinge-maskinfabrik-1-300x300.jpg 300w, https:\/\/veflinge.com\/wp-content\/uploads\/2023\/03\/Stol-veflinge-maskinfabrik-1-150x150.jpg 150w, https:\/\/veflinge.com\/wp-content\/uploads\/2023\/03\/Stol-veflinge-maskinfabrik-1-768x768.jpg 768w\" sizes=\"auto, (max-width: 800px) 100vw, 800px\" \/><\/figure><div class=\"wp-block-media-text__content\">\n<h2 class=\"wp-block-heading\">Arbejdsopgaver<\/h2>\n\n\n\n<ul class=\"wp-block-list\">\n<li>Lasersk\u00e6ring i plader<\/li>\n\n\n\n<li>Lasersk\u00e6ring i r\u00f8r<\/li>\n\n\n\n<li>Lasergravering<\/li>\n\n\n\n<li>Fr\u00e6sning<\/li>\n\n\n\n<li>Svejsning (MAG\/TIG\/PUNKT)<\/li>\n\n\n\n<li>Bukning<\/li>\n\n\n\n<li>Slaglodning<\/li>\n\n\n\n<li>Montering<\/li>\n\n\n\n<li>Udvikling<\/li>\n\n\n\n<li>Tegningsdokumentation<\/li>\n<\/ul>\n\n\n\n<p>Vi kan desuden brunere og pulverlakerer og via samarbejdspartnere tilbyder vi andre typer for overfladebehandling, s\u00e5 som galvanisering, forkromning og sandbl\u00e6sning.<\/p>\n<\/div><\/div>\n\n\n\n<blockquote class=\"wp-block-quote is-layout-flow wp-block-quote-is-layout-flow\">\n<p class=\"has-text-color has-large-font-size\" style=\"color:#ff0000\"><strong><em>Har I specielle krav eller \u00f8nsker, s\u00e5 ring til os og f\u00e5 en snak om, hvad vi kan g\u00f8re for Jer.<\/em><\/strong><\/p>\n<\/blockquote>\n\n\n\n<p>Vi har erfaring inden for udvikling og produktion af udstyr til rensningsanl\u00e6g, forsvarsindustrien, samt m\u00f8belindustrien.<\/p>\n","protected":false},"excerpt":{"rendered":"<p>Innovation og kreativitet er meget vigtige n\u00f8gleord hos Veflinge Maskinfabrik, vi udvikler og producerer opgaver<\/p>\n","protected":false},"author":1,"featured_media":0,"parent":0,"menu_order":0,"comment_status":"closed","ping_status":"open","template":"","meta":{"footnotes":""},"class_list":["post-2","page","type-page","status-publish","hentry"],"aioseo_notices":[],"_links":{"self":[{"href":"https:\/\/veflinge.com\/index.php\/wp-json\/wp\/v2\/pages\/2","targetHints":{"allow":["GET"]}}],"collection":[{"href":"https:\/\/veflinge.com\/index.php\/wp-json\/wp\/v2\/pages"}],"about":[{"href":"https:\/\/veflinge.com\/index.php\/wp-json\/wp\/v2\/types\/page"}],"author":[{"embeddable":true,"href":"https:\/\/veflinge.com\/index.php\/wp-json\/wp\/v2\/users\/1"}],"replies":[{"embeddable":true,"href":"https:\/\/veflinge.com\/index.php\/wp-json\/wp\/v2\/comments?post=2"}],"version-history":[{"count":11,"href":"https:\/\/veflinge.com\/index.php\/wp-json\/wp\/v2\/pages\/2\/revisions"}],"predecessor-version":[{"id":65,"href":"https:\/\/veflinge.com\/index.php\/wp-json\/wp\/v2\/pages\/2\/revisions\/65"}],"wp:attachment":[{"href":"https:\/\/veflinge.com\/index.php\/wp-json\/wp\/v2\/media?parent=2"}],"curies":[{"name":"wp","href":"https:\/\/api.w.org\/{rel}","templated":true}]}}